{"id":5507,"date":"2022-11-02T13:16:49","date_gmt":"2022-11-02T11:16:49","guid":{"rendered":"http:\/\/subway-fi.n18.cloudware.de\/?page_id=5507"},"modified":"2022-11-02T13:19:15","modified_gmt":"2022-11-02T11:19:15","slug":"site-notice","status":"publish","type":"page","link":"https:\/\/subway-franchise.fi\/en\/site-notice","title":{"rendered":"Site Notice"},"content":{"rendered":"\t\t<div data-elementor-type=\"wp-page\" data-elementor-id=\"5507\" class=\"elementor elementor-5507\" data-elementor-post-type=\"page\">\n\t\t\t\t\t\t<section class=\"elementor-section elementor-top-section elementor-element elementor-element-48e42de elementor-section-full_width elementor-section-height-min-height elementor-section-height-default elementor-section-items-middle\" data-id=\"48e42de\" data-element_type=\"section\" data-settings=\"{&quot;jet_parallax_layout_list&quot;:[],&quot;background_background&quot;:&quot;classic&quot;,&quot;sticky&quot;:&quot;top&quot;,&quot;sticky_on&quot;:[&quot;desktop&quot;,&quot;tablet&quot;,&quot;mobile&quot;],&quot;sticky_offset&quot;:0,&quot;sticky_effects_offset&quot;:0,&quot;sticky_anchor_link_offset&quot;:0}\">\n\t\t\t\t\t\t<div class=\"elementor-container elementor-column-gap-default\">\n\t\t\t\t\t<div class=\"elementor-column elementor-col-100 elementor-top-column elementor-element elementor-element-430b9ea\" data-id=\"430b9ea\" data-element_type=\"column\">\n\t\t\t<div class=\"elementor-widget-wrap\">\n\t\t\t\t\t\t\t<\/div>\n\t\t<\/div>\n\t\t\t\t\t<\/div>\n\t\t<\/section>\n\t\t\t\t<section class=\"elementor-section elementor-top-section elementor-element elementor-element-52a2a9d elementor-section-height-min-height elementor-section-full_width elementor-section-items-stretch elementor-section-content-top elementor-section-height-default\" data-id=\"52a2a9d\" data-element_type=\"section\" data-settings=\"{&quot;jet_parallax_layout_list&quot;:[]}\">\n\t\t\t\t\t\t<div class=\"elementor-container elementor-column-gap-no\">\n\t\t\t\t\t<div class=\"elementor-column elementor-col-50 elementor-top-column elementor-element elementor-element-83623fc hero1-col-narrow elementor-hidden-mobile\" data-id=\"83623fc\" data-element_type=\"column\">\n\t\t\t<div class=\"elementor-widget-wrap\">\n\t\t\t\t\t\t\t<\/div>\n\t\t<\/div>\n\t\t\t\t<div class=\"elementor-column elementor-col-50 elementor-top-column elementor-element elementor-element-63dcd56\" data-id=\"63dcd56\" data-element_type=\"column\" data-settings=\"{&quot;background_background&quot;:&quot;classic&quot;}\">\n\t\t\t<div class=\"elementor-widget-wrap elementor-element-populated\">\n\t\t\t\t\t\t<div class=\"elementor-element elementor-element-264fb4d elementor-widget-divider--view-line elementor-widget elementor-widget-global elementor-global-2556 elementor-widget-divider\" data-id=\"264fb4d\" data-element_type=\"widget\" data-widget_type=\"divider.default\">\n\t\t\t\t<div class=\"elementor-widget-container\">\n\t\t\t\t\t\t\t<div class=\"elementor-divider\">\n\t\t\t<span class=\"elementor-divider-separator\">\n\t\t\t\t\t\t<\/span>\n\t\t<\/div>\n\t\t\t\t\t\t<\/div>\n\t\t\t\t<\/div>\n\t\t\t\t<div class=\"elementor-element elementor-element-10740de hero-headline elementor-widget elementor-widget-heading\" data-id=\"10740de\" data-element_type=\"widget\" data-widget_type=\"heading.default\">\n\t\t\t\t<div class=\"elementor-widget-container\">\n\t\t\t\t\t<h2 class=\"elementor-heading-title elementor-size-default\">Site Notice<\/h2>\t\t\t\t<\/div>\n\t\t\t\t<\/div>\n\t\t\t\t<div class=\"elementor-element elementor-element-67c7f72 elementor-widget elementor-widget-text-editor\" data-id=\"67c7f72\" data-element_type=\"widget\" data-widget_type=\"text-editor.default\">\n\t\t\t\t<div class=\"elementor-widget-container\">\n\t\t\t\t\t\t\t\t\t<h1>Site Notice<\/h1><h2>Information pursuant to Sect. 5 German Telemedia Act (TMG)<\/h2><p>Subway Vermietungs- und Servicegesellschaft mbH<br \/>Siegburger Stra\u00dfe 229 c<br \/>50679 K\u00f6ln<\/p><p>Commercial Register: HRB 557817<br \/>Registration court: Amtsgericht K\u00f6ln<\/p><p><strong>Represented by:<\/strong><br \/>Christopher J. Kan<br \/>Menno J. van der Hoeven<br \/>Michael P. Jr. Kehoe<\/p><h2>Contact<\/h2><p>Phone: +49 (0) 800\/782 92 93<br \/>Telefax: +49 (0) 221\/7887 46 999<br \/>E-mail: info@subway-germany.de<\/p><h2>VAT ID<\/h2><p>Sales tax identification number according to Sect. 27 a of the Sales Tax Law:<br \/>DE 814009777<\/p><h2>Person responsible for editorial<\/h2><p>Subway Franchisee Advertising Fund Trust B.V.<br \/>Ijdok 27 \u2013 9th floor<br \/>1013 MM<br \/>Amsterdam<br \/>The Netherlands<\/p><p><strong>Disclaimer<\/strong><\/p><p>All data and information contained on the Internet pages have been carefully researched and checked and are continuously updated. Nevertheless, we cannot assume any liability or guarantee for the correctness, completeness and up-to-dateness of the information provided. Despite careful control of the contents, we do not assume any liability for the contents of external links and expressly distance ourselves from their contents. The operators of linked pages are solely responsible for their content.<\/p><p class=\"copy-medium\"><strong><span lang=\"DE\">Copyright<\/span><\/strong><\/p><p>All contents of this website are protected by copyright. Any editing, modification, copying, distribution or public reproduction of the protected content of this website constitutes a copyright infringement, regardless of the medium used.<\/p><h2>EU dispute resolution<\/h2><p>The European Commission provides a platform for online dispute resolution (ODR): <a href=\"https:\/\/ec.europa.eu\/consumers\/odr\/\" target=\"_blank\" rel=\"noopener noreferrer\">https:\/\/ec.europa.eu\/consumers\/odr\/<\/a>.<br \/>Our e-mail address can be found above in the site notice.<\/p><h2>Dispute resolution proceedings in front of a consumer arbitration board<\/h2><p>We are not willing or obliged to participate in dispute resolution proceedings in front of a consumer arbitration board.<\/p><p>This Site Notice also applies to the Facebook page <a href=\"https:\/\/www.facebook.com\/subwaydeutschland\" target=\"_blank\" rel=\"noopener\">https:\/\/www.facebook.com\/subwaydeutschland<\/a><\/p>\t\t\t\t\t\t\t\t<\/div>\n\t\t\t\t<\/div>\n\t\t\t\t\t<\/div>\n\t\t<\/div>\n\t\t\t\t\t<\/div>\n\t\t<\/section>\n\t\t\t\t<\/div>\n\t\t","protected":false},"excerpt":{"rendered":"<p>Site Notice Site Notice Information pursuant to Sect. 5 German Telemedia Act (TMG) Subway Vermietungs- und Servicegesellschaft mbHSiegburger Stra\u00dfe 229 c50679 K\u00f6ln Commercial Register: HRB 557817Registration court: Amtsgericht K\u00f6ln Represented by:Christopher J. KanMenno J. van der HoevenMichael P. Jr. Kehoe Contact Phone: +49 (0) 800\/782 92 93Telefax: +49 (0) 221\/7887 46 999E-mail: info@subway-germany.de VAT ID [&hellip;]<\/p>\n","protected":false},"author":8,"featured_media":0,"parent":0,"menu_order":0,"comment_status":"closed","ping_status":"closed","template":"elementor_header_footer","meta":{"footnotes":""},"class_list":["post-5507","page","type-page","status-publish","hentry"],"_links":{"self":[{"href":"https:\/\/subway-franchise.fi\/en\/wp-json\/wp\/v2\/pages\/5507","targetHints":{"allow":["GET"]}}],"collection":[{"href":"https:\/\/subway-franchise.fi\/en\/wp-json\/wp\/v2\/pages"}],"about":[{"href":"https:\/\/subway-franchise.fi\/en\/wp-json\/wp\/v2\/types\/page"}],"author":[{"embeddable":true,"href":"https:\/\/subway-franchise.fi\/en\/wp-json\/wp\/v2\/users\/8"}],"replies":[{"embeddable":true,"href":"https:\/\/subway-franchise.fi\/en\/wp-json\/wp\/v2\/comments?post=5507"}],"version-history":[{"count":5,"href":"https:\/\/subway-franchise.fi\/en\/wp-json\/wp\/v2\/pages\/5507\/revisions"}],"predecessor-version":[{"id":5515,"href":"https:\/\/subway-franchise.fi\/en\/wp-json\/wp\/v2\/pages\/5507\/revisions\/5515"}],"wp:attachment":[{"href":"https:\/\/subway-franchise.fi\/en\/wp-json\/wp\/v2\/media?parent=5507"}],"curies":[{"name":"wp","href":"https:\/\/api.w.org\/{rel}","templated":true}]}}